{"id":447,"date":"2023-08-10T14:26:01","date_gmt":"2023-08-10T14:26:01","guid":{"rendered":"https:\/\/akesiosdental.com\/?page_id=447"},"modified":"2023-08-15T21:15:24","modified_gmt":"2023-08-15T21:15:24","slug":"dentures","status":"publish","type":"page","link":"https:\/\/akesiosdental.com\/sq\/services\/dentures\/","title":{"rendered":"Protetika"},"content":{"rendered":"<div data-elementor-type=\"wp-page\" data-elementor-id=\"447\" class=\"elementor elementor-447\" data-elementor-post-type=\"page\">\n\t\t\t\t\t\t<section class=\"elementor-section elementor-top-section elementor-element elementor-element-3122cfbd elementor-section-boxed elementor-section-height-default elementor-section-height-default\" data-id=\"3122cfbd\" data-element_type=\"section\" data-e-type=\"section\">\n\t\t\t\t\t\t<div class=\"elementor-container elementor-column-gap-default\">\n\t\t\t\t\t<div class=\"elementor-column elementor-col-100 elementor-top-column elementor-element elementor-element-61541845\" data-id=\"61541845\" data-element_type=\"column\" data-e-type=\"column\">\n\t\t\t<div class=\"elementor-widget-wrap elementor-element-populated\">\n\t\t\t\t\t\t<section class=\"elementor-section elementor-inner-section elementor-element elementor-element-638cc6bd elementor-section-boxed elementor-section-height-default elementor-section-height-default\" data-id=\"638cc6bd\" data-element_type=\"section\" data-e-type=\"section\">\n\t\t\t\t\t\t<div class=\"elementor-container elementor-column-gap-default\">\n\t\t\t\t\t<div class=\"elementor-column elementor-col-100 elementor-inner-column elementor-element elementor-element-7a05876e\" data-id=\"7a05876e\" data-element_type=\"column\" data-e-type=\"column\">\n\t\t\t<div class=\"elementor-widget-wrap elementor-element-populated\">\n\t\t\t\t\t\t<div class=\"elementor-element elementor-element-4d5d9c42 elementor-widget elementor-widget-heading\" data-id=\"4d5d9c42\" data-element_type=\"widget\" data-e-type=\"widget\" data-widget_type=\"heading.default\">\n\t\t\t\t<div class=\"elementor-widget-container\">\n\t\t\t\t\t<h1 class=\"elementor-heading-title elementor-size-default\">Protetika<\/h1>\t\t\t\t<\/div>\n\t\t\t\t<\/div>\n\t\t\t\t\t<\/div>\n\t\t<\/div>\n\t\t\t\t\t<\/div>\n\t\t<\/section>\n\t\t\t\t<section class=\"elementor-section elementor-inner-section elementor-element elementor-element-3690ce6d elementor-section-boxed elementor-section-height-default elementor-section-height-default\" data-id=\"3690ce6d\" data-element_type=\"section\" data-e-type=\"section\">\n\t\t\t\t\t\t<div class=\"elementor-container elementor-column-gap-default\">\n\t\t\t\t\t<div class=\"elementor-column elementor-col-100 elementor-inner-column elementor-element elementor-element-357d2067\" data-id=\"357d2067\" data-element_type=\"column\" data-e-type=\"column\">\n\t\t\t<div class=\"elementor-widget-wrap elementor-element-populated\">\n\t\t\t\t\t\t<div class=\"elementor-element elementor-element-7a04d96d elementor-widget__width-initial elementor-widget elementor-widget-text-editor\" data-id=\"7a04d96d\" data-element_type=\"widget\" data-e-type=\"widget\" data-widget_type=\"text-editor.default\">\n\t\t\t\t<div class=\"elementor-widget-container\">\n\t\t\t\t\t\t\t\t\t<p><\/p>\n<p>PROTETIKA<\/p>\n<p>Fal\u00eb teknikave dhe materialeve t\u00eb fundit jemi n\u00eb gj\u00ebndje t\u00eb aplikojm\u00eb proteza totale t\u00eb l\u00ebvizshme me mb\u00ebshtetje maksimale dhe pa mbuluar qiellz\u00ebn n\u00eb m\u00ebnyr\u00eb q\u00eb t\u00eb shmangim zvog\u00eblimin e shijes s\u00eb ushqimit. Natyralisht q\u00eb jan\u00eb t\u00eb disponueshme edhe proteza skeletrike me gan\u00e7 ose magnet me rezistenc\u00eb shum\u00eb t\u00eb lart\u00eb.<\/p>\n<p>Funksioni kryesor i nj\u00eb proteze fikse \u00ebsht\u00eb t\u00eb rikthej\u00eb harmonin\u00eb morfo-funksionale t\u00eb goj\u00ebs t\u00eb cilat jan\u00eb: p\u00ebrtypja, g\u00eblltitja dhe fonetika.<\/p>\n<p>Por suksesi i nj\u00eb proteze p\u00ebrve\u00e7 p\u00ebrvoj\u00ebs s\u00eb dentistit q\u00eb t\u00eb gjej\u00eb tipin e duhur t\u00eb protez\u00ebs \u00ebsht\u00eb dhe pre\u00e7izioni n\u00eb marrjen e mas\u00ebs. Para fillimit t\u00eb pro\u00e7edur\u00ebs \u00ebsht\u00eb e nevojshme nj\u00eb egzaminim klinik p\u00ebr t\u00eb studiuar llojin e protez\u00ebs q\u00eb duhet t\u00eb arrihet duke shqyrtuar: pamjen e pacientit, buz\u00ebqeshjen, form\u00ebn e fytyr\u00ebs dhe fonetika. Pacientit i l\u00ebshohet nj\u00eb \u00e7ertifikat\u00eb q\u00eb provon cil\u00ebsin\u00eb e materialeve t\u00eb p\u00ebrdorura.<\/p>\n<p>PROTEZA ZIRKONI<\/p>\n<p>Zgjidhje e lart\u00eb estetike q\u00eb n\u00eb dit\u00ebt e sotme k\u00ebrkesat jan\u00eb gjithmon\u00eb e n\u00eb rritje nga ana e pacient\u00ebve pas rezulatet jan\u00eb t\u00eb shk\u00eblqyera.<\/p>\n<p>Element\u00ebt e ralizuar nga zirkoni kan\u00eb siguri t\u00eb lart\u00eb dhe p\u00ebrmbajn\u00eb karakteristika Kimiko-fizike q\u00eb mund t\u00eb p\u00ebrdoren n\u00eb t\u00eb gjitha produktet protezike.<\/p>\n<p>T\u00eb cilat jan\u00eb:<\/p>\n<ul>\n<li><span style=\"font-style: inherit; font-weight: inherit; color: var( --e-global-color-text ); font-family: var( --e-global-typography-text-font-family ), Sans-serif; background-color: var(--ast-global-color-5);\">forc\u00eb e lart\u00eb fleksibiliteti;<\/span><\/li>\n<li>transparenc\u00eb e krahasueshme me dentin\u00ebn natyrale;<\/li>\n<li>sakt\u00ebsi maksimale ;<\/li>\n<li>biokompaktibilitet t\u00eb lart\u00eb<\/li>\n<\/ul>\t\t\t\t\t\t\t\t<\/div>\n\t\t\t\t<\/div>\n\t\t\t\t<div class=\"elementor-element elementor-element-6993911d elementor-widget__width-initial elementor-widget-tablet__width-initial elementor-widget elementor-widget-button\" data-id=\"6993911d\" data-element_type=\"widget\" data-e-type=\"widget\" data-widget_type=\"button.default\">\n\t\t\t\t<div class=\"elementor-widget-container\">\n\t\t\t\t\t\t\t\t\t<div class=\"elementor-button-wrapper\">\n\t\t\t\t\t<a class=\"elementor-button elementor-button-link elementor-size-sm\" href=\"https:\/\/akesiosdental.com\/sq\/contact\/\">\n\t\t\t\t\t\t<span class=\"elementor-button-content-wrapper\">\n\t\t\t\t\t\t\t\t\t<span class=\"elementor-button-text\">Merr nj\u00eb telefonat\u00eb<\/span>\n\t\t\t\t\t<\/span>\n\t\t\t\t\t<\/a>\n\t\t\t\t<\/div>\n\t\t\t\t\t\t\t\t<\/div>\n\t\t\t\t<\/div>\n\t\t\t\t\t<\/div>\n\t\t<\/div>\n\t\t\t\t\t<\/div>\n\t\t<\/section>\n\t\t\t\t\t<\/div>\n\t\t<\/div>\n\t\t\t\t\t<\/div>\n\t\t<\/section>\n\t\t\t\t<\/div>","protected":false},"excerpt":{"rendered":"<p>Dentures MOBILE\/FIXED DENTURES Thanks to the latest techniques and materials we are able to apply complete prosthesis with the guarantee of the maximum tightness, and without palate in order not to reduce the taste of the foods. Of course, skeletal prostheses with concealed hooks or magnets are also available, made with highly resistant alloys. The [&hellip;]<\/p>\n","protected":false},"author":1,"featured_media":0,"parent":169,"menu_order":0,"comment_status":"closed","ping_status":"closed","template":"","meta":{"site-sidebar-layout":"no-sidebar","site-content-layout":"page-builder","ast-site-content-layout":"default","site-content-style":"default","site-sidebar-style":"default","ast-global-header-display":"","ast-banner-title-visibility":"","ast-main-header-display":"","ast-hfb-above-header-display":"","ast-hfb-below-header-display":"","ast-hfb-mobile-header-display":"","site-post-title":"disabled","ast-breadcrumbs-content":"","ast-featured-img":"disabled","footer-sml-layout":"","ast-disable-related-posts":"","theme-transparent-header-meta":"","adv-header-id-meta":"","stick-header-meta":"","header-above-stick-meta":"","header-main-stick-meta":"","header-below-stick-meta":"","astra-migrate-meta-layouts":"default","ast-page-background-enabled":"default","ast-page-background-meta":{"desktop":{"background-color":"var(--ast-global-color-4)","background-image":"","background-repeat":"repeat","background-position":"center center","background-size":"auto","background-attachment":"scroll","background-type":"","background-media":"","overlay-type":"","overlay-color":"","overlay-opacity":"","overlay-gradient":""},"tablet":{"background-color":"","background-image":"","background-repeat":"repeat","background-position":"center center","background-size":"auto","background-attachment":"scroll","background-type":"","background-media":"","overlay-type":"","overlay-color":"","overlay-opacity":"","overlay-gradient":""},"mobile":{"background-color":"","background-image":"","background-repeat":"repeat","background-position":"center center","background-size":"auto","background-attachment":"scroll","background-type":"","background-media":"","overlay-type":"","overlay-color":"","overlay-opacity":"","overlay-gradient":""}},"ast-content-background-meta":{"desktop":{"background-color":"var(--ast-global-color-5)","background-image":"","background-repeat":"repeat","background-position":"center center","background-size":"auto","background-attachment":"scroll","background-type":"","background-media":"","overlay-type":"","overlay-color":"","overlay-opacity":"","overlay-gradient":""},"tablet":{"background-color":"var(--ast-global-color-5)","background-image":"","background-repeat":"repeat","background-position":"center center","background-size":"auto","background-attachment":"scroll","background-type":"","background-media":"","overlay-type":"","overlay-color":"","overlay-opacity":"","overlay-gradient":""},"mobile":{"background-color":"var(--ast-global-color-5)","background-image":"","background-repeat":"repeat","background-position":"center center","background-size":"auto","background-attachment":"scroll","background-type":"","background-media":"","overlay-type":"","overlay-color":"","overlay-opacity":"","overlay-gradient":""}},"footnotes":""},"class_list":["post-447","page","type-page","status-publish","hentry"],"_links":{"self":[{"href":"https:\/\/akesiosdental.com\/sq\/wp-json\/wp\/v2\/pages\/447","targetHints":{"allow":["GET"]}}],"collection":[{"href":"https:\/\/akesiosdental.com\/sq\/wp-json\/wp\/v2\/pages"}],"about":[{"href":"https:\/\/akesiosdental.com\/sq\/wp-json\/wp\/v2\/types\/page"}],"author":[{"embeddable":true,"href":"https:\/\/akesiosdental.com\/sq\/wp-json\/wp\/v2\/users\/1"}],"replies":[{"embeddable":true,"href":"https:\/\/akesiosdental.com\/sq\/wp-json\/wp\/v2\/comments?post=447"}],"version-history":[{"count":7,"href":"https:\/\/akesiosdental.com\/sq\/wp-json\/wp\/v2\/pages\/447\/revisions"}],"predecessor-version":[{"id":566,"href":"https:\/\/akesiosdental.com\/sq\/wp-json\/wp\/v2\/pages\/447\/revisions\/566"}],"up":[{"embeddable":true,"href":"https:\/\/akesiosdental.com\/sq\/wp-json\/wp\/v2\/pages\/169"}],"wp:attachment":[{"href":"https:\/\/akesiosdental.com\/sq\/wp-json\/wp\/v2\/media?parent=447"}],"curies":[{"name":"wp","href":"https:\/\/api.w.org\/{rel}","templated":true}]}}