{"id":401,"date":"2023-08-10T13:52:09","date_gmt":"2023-08-10T13:52:09","guid":{"rendered":"https:\/\/akesiosdental.com\/?page_id=401"},"modified":"2023-08-15T16:41:23","modified_gmt":"2023-08-15T16:41:23","slug":"prevention-oralhygiene","status":"publish","type":"page","link":"https:\/\/akesiosdental.com\/sq\/services\/prevention-oralhygiene\/","title":{"rendered":"Parandalimi-Higjiena Orale"},"content":{"rendered":"<div data-elementor-type=\"wp-page\" data-elementor-id=\"401\" class=\"elementor elementor-401\" data-elementor-post-type=\"page\">\n\t\t\t\t\t\t<section class=\"elementor-section elementor-top-section elementor-element elementor-element-3122cfbd elementor-section-boxed elementor-section-height-default elementor-section-height-default\" data-id=\"3122cfbd\" data-element_type=\"section\" data-e-type=\"section\">\n\t\t\t\t\t\t<div class=\"elementor-container elementor-column-gap-default\">\n\t\t\t\t\t<div class=\"elementor-column elementor-col-100 elementor-top-column elementor-element elementor-element-61541845\" data-id=\"61541845\" data-element_type=\"column\" data-e-type=\"column\">\n\t\t\t<div class=\"elementor-widget-wrap elementor-element-populated\">\n\t\t\t\t\t\t<section class=\"elementor-section elementor-inner-section elementor-element elementor-element-638cc6bd elementor-section-boxed elementor-section-height-default elementor-section-height-default\" data-id=\"638cc6bd\" data-element_type=\"section\" data-e-type=\"section\">\n\t\t\t\t\t\t<div class=\"elementor-container elementor-column-gap-default\">\n\t\t\t\t\t<div class=\"elementor-column elementor-col-100 elementor-inner-column elementor-element elementor-element-7a05876e\" data-id=\"7a05876e\" data-element_type=\"column\" data-e-type=\"column\">\n\t\t\t<div class=\"elementor-widget-wrap elementor-element-populated\">\n\t\t\t\t\t\t<div class=\"elementor-element elementor-element-4d5d9c42 elementor-widget elementor-widget-heading\" data-id=\"4d5d9c42\" data-element_type=\"widget\" data-e-type=\"widget\" data-widget_type=\"heading.default\">\n\t\t\t\t<div class=\"elementor-widget-container\">\n\t\t\t\t\t<h1 class=\"elementor-heading-title elementor-size-default\">Parandalimi-Higjiena Orale<\/h1>\t\t\t\t<\/div>\n\t\t\t\t<\/div>\n\t\t\t\t\t<\/div>\n\t\t<\/div>\n\t\t\t\t\t<\/div>\n\t\t<\/section>\n\t\t\t\t<section class=\"elementor-section elementor-inner-section elementor-element elementor-element-3690ce6d elementor-section-boxed elementor-section-height-default elementor-section-height-default\" data-id=\"3690ce6d\" data-element_type=\"section\" data-e-type=\"section\">\n\t\t\t\t\t\t<div class=\"elementor-container elementor-column-gap-default\">\n\t\t\t\t\t<div class=\"elementor-column elementor-col-100 elementor-inner-column elementor-element elementor-element-357d2067\" data-id=\"357d2067\" data-element_type=\"column\" data-e-type=\"column\">\n\t\t\t<div class=\"elementor-widget-wrap elementor-element-populated\">\n\t\t\t\t\t\t<div class=\"elementor-element elementor-element-7a04d96d elementor-widget elementor-widget-text-editor\" data-id=\"7a04d96d\" data-element_type=\"widget\" data-e-type=\"widget\" data-widget_type=\"text-editor.default\">\n\t\t\t\t<div class=\"elementor-widget-container\">\n\t\t\t\t\t\t\t\t\t<p>HIGJENA ORALE&nbsp;<\/p>\n<p class=\"bllok_shkrimi\">\u00cbsht\u00eb unaza e par\u00eb q\u00eb shakton pro\u00e7esin shkat\u00ebrrues t\u00eb dh\u00ebmbit q\u00eb rezulton n\u00eb formimin e kariesit. Bakteret e pranishme br\u00ebnda flor\u00ebs s\u00eb goj\u00ebs mund t\u00eb p\u00ebrhapen dhe t\u00eb b\u00ebhen agresiv\u00eb fal\u00eb sheqernave q\u00eb rrjedhin nga mbetjet e ushqimit t\u00eb inkorporuara midis dh\u00ebmb\u00ebve.\n\nMungesa e higjen\u00ebs leht\u00ebson fermentimin dhe n\u00eb t\u00eb nj\u00ebjt\u00ebn koh\u00eb prodhon substanca q\u00eb lidhen fort n\u00eb sip\u00ebrfaqen e dh\u00ebmbit si nj\u00eb lloj mb\u00ebshtjell\u00ebsi duke krijuar nj\u00eb pllak\u00eb bakteriale t\u00eb tmerrshme.<span style=\"font-style: inherit; font-weight: inherit; color: var( --e-global-color-text ); font-family: var( --e-global-typography-text-font-family ), Sans-serif; background-color: var(--ast-global-color-5);\">The lack of hygiene facilitates fermentation and at the same time there are produced substances which adhere firmly to the tooth surface, as a kind of sheath, creating a terrible bacterial plaque.<\/span><\/p>\n<p>ZBARDHIMI<\/p>\n<p class=\"bllok_shkrimi\">Bukuria fillon menj\u00ebher\u00eb k\u00ebtu dhe p\u00ebr kodin e ri estetik buz\u00ebqeshja duhet t\u00eb jet\u00eb e sh\u00ebndetshme dhe shum\u00eb e bardh\u00eb.<span style=\"font-style: inherit; font-weight: inherit; color: var( --e-global-color-text ); font-family: var( --e-global-typography-text-font-family ), Sans-serif; background-color: var(--ast-global-color-5);\">Teknikat e zbardhimit t\u00eb dh\u00ebmb\u00ebve sh\u00ebrbejn\u00eb p\u00ebr t\u00eb eleminuar zverdhjen e formave t\u00eb ndryshme p\u00ebr sh\u00ebmbull ato p\u00ebr shkak t\u00eb nikotin\u00ebs, kafein\u00ebs, tein\u00ebs, dhe devitalizimeve t\u00eb vjetra ose traumave t\u00eb m\u00ebparshme. Kjo pro\u00e7edur\u00eb \u00ebsht\u00eb pa dhimbje dhe jo e d\u00ebmshme p\u00ebr struktur\u00ebn e dh\u00ebmb\u00ebve.<\/span><\/p>\t\t\t\t\t\t\t\t<\/div>\n\t\t\t\t<\/div>\n\t\t\t\t<div class=\"elementor-element elementor-element-6993911d elementor-widget__width-initial elementor-widget-tablet__width-initial elementor-widget elementor-widget-button\" data-id=\"6993911d\" data-element_type=\"widget\" data-e-type=\"widget\" data-widget_type=\"button.default\">\n\t\t\t\t<div class=\"elementor-widget-container\">\n\t\t\t\t\t\t\t\t\t<div class=\"elementor-button-wrapper\">\n\t\t\t\t\t<a class=\"elementor-button elementor-button-link elementor-size-sm\" href=\"https:\/\/akesiosdental.com\/sq\/contact\/\">\n\t\t\t\t\t\t<span class=\"elementor-button-content-wrapper\">\n\t\t\t\t\t\t\t\t\t<span class=\"elementor-button-text\">Merr nj\u00eb telefonat\u00eb<\/span>\n\t\t\t\t\t<\/span>\n\t\t\t\t\t<\/a>\n\t\t\t\t<\/div>\n\t\t\t\t\t\t\t\t<\/div>\n\t\t\t\t<\/div>\n\t\t\t\t\t<\/div>\n\t\t<\/div>\n\t\t\t\t\t<\/div>\n\t\t<\/section>\n\t\t\t\t\t<\/div>\n\t\t<\/div>\n\t\t\t\t\t<\/div>\n\t\t<\/section>\n\t\t\t\t<\/div>","protected":false},"excerpt":{"rendered":"<p>Prevention-Oral Hygiene PREVENTION &#8211; ORAL HYGIENE&nbsp; The lack of oral hygiene is the first ring that triggers that destructive tooth process that results in a formation of a cavity. The cariogenic bacteria present inside the oral flora can proliferate and become aggressive thanks to the sugars deriving from the food residues incorporated between tooth and [&hellip;]<\/p>\n","protected":false},"author":1,"featured_media":0,"parent":169,"menu_order":0,"comment_status":"closed","ping_status":"closed","template":"","meta":{"site-sidebar-layout":"no-sidebar","site-content-layout":"page-builder","ast-site-content-layout":"default","site-content-style":"default","site-sidebar-style":"default","ast-global-header-display":"","ast-banner-title-visibility":"","ast-main-header-display":"","ast-hfb-above-header-display":"","ast-hfb-below-header-display":"","ast-hfb-mobile-header-display":"","site-post-title":"disabled","ast-breadcrumbs-content":"","ast-featured-img":"disabled","footer-sml-layout":"","ast-disable-related-posts":"","theme-transparent-header-meta":"","adv-header-id-meta":"","stick-header-meta":"","header-above-stick-meta":"","header-main-stick-meta":"","header-below-stick-meta":"","astra-migrate-meta-layouts":"default","ast-page-background-enabled":"default","ast-page-background-meta":{"desktop":{"background-color":"var(--ast-global-color-4)","background-image":"","background-repeat":"repeat","background-position":"center center","background-size":"auto","background-attachment":"scroll","background-type":"","background-media":"","overlay-type":"","overlay-color":"","overlay-opacity":"","overlay-gradient":""},"tablet":{"background-color":"","background-image":"","background-repeat":"repeat","background-position":"center center","background-size":"auto","background-attachment":"scroll","background-type":"","background-media":"","overlay-type":"","overlay-color":"","overlay-opacity":"","overlay-gradient":""},"mobile":{"background-color":"","background-image":"","background-repeat":"repeat","background-position":"center center","background-size":"auto","background-attachment":"scroll","background-type":"","background-media":"","overlay-type":"","overlay-color":"","overlay-opacity":"","overlay-gradient":""}},"ast-content-background-meta":{"desktop":{"background-color":"var(--ast-global-color-5)","background-image":"","background-repeat":"repeat","background-position":"center center","background-size":"auto","background-attachment":"scroll","background-type":"","background-media":"","overlay-type":"","overlay-color":"","overlay-opacity":"","overlay-gradient":""},"tablet":{"background-color":"var(--ast-global-color-5)","background-image":"","background-repeat":"repeat","background-position":"center center","background-size":"auto","background-attachment":"scroll","background-type":"","background-media":"","overlay-type":"","overlay-color":"","overlay-opacity":"","overlay-gradient":""},"mobile":{"background-color":"var(--ast-global-color-5)","background-image":"","background-repeat":"repeat","background-position":"center center","background-size":"auto","background-attachment":"scroll","background-type":"","background-media":"","overlay-type":"","overlay-color":"","overlay-opacity":"","overlay-gradient":""}},"footnotes":""},"class_list":["post-401","page","type-page","status-publish","hentry"],"_links":{"self":[{"href":"https:\/\/akesiosdental.com\/sq\/wp-json\/wp\/v2\/pages\/401","targetHints":{"allow":["GET"]}}],"collection":[{"href":"https:\/\/akesiosdental.com\/sq\/wp-json\/wp\/v2\/pages"}],"about":[{"href":"https:\/\/akesiosdental.com\/sq\/wp-json\/wp\/v2\/types\/page"}],"author":[{"embeddable":true,"href":"https:\/\/akesiosdental.com\/sq\/wp-json\/wp\/v2\/users\/1"}],"replies":[{"embeddable":true,"href":"https:\/\/akesiosdental.com\/sq\/wp-json\/wp\/v2\/comments?post=401"}],"version-history":[{"count":17,"href":"https:\/\/akesiosdental.com\/sq\/wp-json\/wp\/v2\/pages\/401\/revisions"}],"predecessor-version":[{"id":550,"href":"https:\/\/akesiosdental.com\/sq\/wp-json\/wp\/v2\/pages\/401\/revisions\/550"}],"up":[{"embeddable":true,"href":"https:\/\/akesiosdental.com\/sq\/wp-json\/wp\/v2\/pages\/169"}],"wp:attachment":[{"href":"https:\/\/akesiosdental.com\/sq\/wp-json\/wp\/v2\/media?parent=401"}],"curies":[{"name":"wp","href":"https:\/\/api.w.org\/{rel}","templated":true}]}}