{"id":255,"date":"2023-08-06T22:42:04","date_gmt":"2023-08-06T22:42:04","guid":{"rendered":"https:\/\/akesiosdental.com\/?page_id=255"},"modified":"2023-08-10T16:05:09","modified_gmt":"2023-08-10T16:05:09","slug":"implantology","status":"publish","type":"page","link":"https:\/\/akesiosdental.com\/sq\/services\/implantology\/","title":{"rendered":"Implantologjia"},"content":{"rendered":"<div data-elementor-type=\"wp-page\" data-elementor-id=\"255\" class=\"elementor elementor-255\" data-elementor-post-type=\"page\">\n\t\t\t\t\t\t<section class=\"elementor-section elementor-top-section elementor-element elementor-element-3122cfbd elementor-section-boxed elementor-section-height-default elementor-section-height-default\" data-id=\"3122cfbd\" data-element_type=\"section\" data-e-type=\"section\">\n\t\t\t\t\t\t<div class=\"elementor-container elementor-column-gap-default\">\n\t\t\t\t\t<div class=\"elementor-column elementor-col-100 elementor-top-column elementor-element elementor-element-61541845\" data-id=\"61541845\" data-element_type=\"column\" data-e-type=\"column\">\n\t\t\t<div class=\"elementor-widget-wrap elementor-element-populated\">\n\t\t\t\t\t\t<section class=\"elementor-section elementor-inner-section elementor-element elementor-element-638cc6bd elementor-section-boxed elementor-section-height-default elementor-section-height-default\" data-id=\"638cc6bd\" data-element_type=\"section\" data-e-type=\"section\">\n\t\t\t\t\t\t<div class=\"elementor-container elementor-column-gap-default\">\n\t\t\t\t\t<div class=\"elementor-column elementor-col-100 elementor-inner-column elementor-element elementor-element-7a05876e\" data-id=\"7a05876e\" data-element_type=\"column\" data-e-type=\"column\">\n\t\t\t<div class=\"elementor-widget-wrap elementor-element-populated\">\n\t\t\t\t\t\t<div class=\"elementor-element elementor-element-4d5d9c42 elementor-widget elementor-widget-heading\" data-id=\"4d5d9c42\" data-element_type=\"widget\" data-e-type=\"widget\" data-widget_type=\"heading.default\">\n\t\t\t\t<div class=\"elementor-widget-container\">\n\t\t\t\t\t<h1 class=\"elementor-heading-title elementor-size-default\">Implantologjia<\/h1>\t\t\t\t<\/div>\n\t\t\t\t<\/div>\n\t\t\t\t\t<\/div>\n\t\t<\/div>\n\t\t\t\t\t<\/div>\n\t\t<\/section>\n\t\t\t\t<section class=\"elementor-section elementor-inner-section elementor-element elementor-element-3690ce6d elementor-section-boxed elementor-section-height-default elementor-section-height-default\" data-id=\"3690ce6d\" data-element_type=\"section\" data-e-type=\"section\">\n\t\t\t\t\t\t<div class=\"elementor-container elementor-column-gap-default\">\n\t\t\t\t\t<div class=\"elementor-column elementor-col-100 elementor-inner-column elementor-element elementor-element-357d2067\" data-id=\"357d2067\" data-element_type=\"column\" data-e-type=\"column\">\n\t\t\t<div class=\"elementor-widget-wrap elementor-element-populated\">\n\t\t\t\t\t\t<div class=\"elementor-element elementor-element-7a04d96d elementor-widget elementor-widget-text-editor\" data-id=\"7a04d96d\" data-element_type=\"widget\" data-e-type=\"widget\" data-widget_type=\"text-editor.default\">\n\t\t\t\t<div class=\"elementor-widget-container\">\n\t\t\t\t\t\t\t\t\t<p>\u00cbsht\u00eb nj\u00eb alternativ\u00eb e vlefshme p\u00ebr proteza fikse dhe t\u00eb l\u00ebvizshme. Krahasuar me protezat fikse implanti jep t\u00eb nj\u00ebjtin rezultat pa sakrifikuar dh\u00ebmb\u00eb t\u00eb tjer\u00eb p\u00ebr t\u00eb b\u00ebr\u00eb nj\u00eb ur\u00eb. N\u00eb krahasim me protezat e l\u00ebvizshme sidomos n\u00ebse \u00ebsht\u00eb e plot\u00eb, p\u00ebrpar\u00ebsia \u00ebsht\u00eb m\u00eb e madhe sepse pacienti nuk ka ndjesin\u00eb e nj\u00eb trupi t\u00eb huaj n\u00eb goj\u00eb.<\/p><p>Implanti \u00ebsht\u00eb nj\u00eb rr\u00ebnj\u00eb artificiale q\u00eb z\u00ebv\u00ebnd\u00ebson at\u00eb t\u00eb humbur n\u00eb t\u00eb cil\u00ebn fiksohet proteza. Kjo teknik\u00eb mund t\u00eb p\u00ebrdoret n\u00eb z\u00ebv\u00ebnd\u00ebsimin e disa dh\u00ebmb\u00ebve.<\/p><p>Implantologjia moderne bazohet n\u00eb parimin e osteointegrimit q\u00eb \u00ebsht\u00eb p\u00ebrdorimi I nj\u00eb materiali biokompaktib\u00ebl, ky material \u00ebsht\u00eb i b\u00ebr\u00eb prej titani t\u00eb cilin trupi e njeh si t\u00eb vetin dhe integrohet n\u00eb m\u00ebnyr\u00eb perfekte. Integrimi kockor \u00ebsht\u00eb optimal dhe afatgjat\u00eb.<\/p><p>Ka shum\u00eb lloj implantesh t\u00eb formave dhe madh\u00ebsive t\u00eb ndryshme, implantologu do t\u00eb k\u00ebshilloj\u00eb modelin dhe mas\u00ebn m\u00eb t\u00eb p\u00ebrshtatshme p\u00ebr \u00e7do rast individual.<\/p><p>Duhet t\u00eb theksohet, se ka kushte n\u00eb t\u00eb cilat implantologjia nuk \u00ebsht\u00eb e p\u00ebrshtatshme ose nuk \u00ebsht\u00eb e mundur. Kund\u00ebr ndikimet mund t\u00eb jen\u00eb t\u00eb lidhura me pacientin, me goj\u00ebn ose me pozicionin ku do t\u00eb futet implanti.<\/p>\t\t\t\t\t\t\t\t<\/div>\n\t\t\t\t<\/div>\n\t\t\t\t<div class=\"elementor-element elementor-element-6993911d elementor-widget__width-initial elementor-widget-tablet__width-initial elementor-widget elementor-widget-button\" data-id=\"6993911d\" data-element_type=\"widget\" data-e-type=\"widget\" data-widget_type=\"button.default\">\n\t\t\t\t<div class=\"elementor-widget-container\">\n\t\t\t\t\t\t\t\t\t<div class=\"elementor-button-wrapper\">\n\t\t\t\t\t<a class=\"elementor-button elementor-button-link elementor-size-sm\" href=\"https:\/\/akesiosdental.com\/sq\/contact\/\">\n\t\t\t\t\t\t<span class=\"elementor-button-content-wrapper\">\n\t\t\t\t\t\t\t\t\t<span class=\"elementor-button-text\">Merr nj\u00eb telefonat\u00eb<\/span>\n\t\t\t\t\t<\/span>\n\t\t\t\t\t<\/a>\n\t\t\t\t<\/div>\n\t\t\t\t\t\t\t\t<\/div>\n\t\t\t\t<\/div>\n\t\t\t\t\t<\/div>\n\t\t<\/div>\n\t\t\t\t\t<\/div>\n\t\t<\/section>\n\t\t\t\t\t<\/div>\n\t\t<\/div>\n\t\t\t\t\t<\/div>\n\t\t<\/section>\n\t\t\t\t<\/div>","protected":false},"excerpt":{"rendered":"<p>Implantology It is a viable alternative to fixed and mobile dentures. Compared to fixed dentures the implant has the same result without sacrificing other teeth to make a bridge. In relation to the mobile dentures, especially if total, the advantage is greater because the patient does not have the feeling of a foreign body in [&hellip;]<\/p>\n","protected":false},"author":1,"featured_media":0,"parent":169,"menu_order":0,"comment_status":"closed","ping_status":"closed","template":"","meta":{"site-sidebar-layout":"no-sidebar","site-content-layout":"page-builder","ast-site-content-layout":"default","site-content-style":"default","site-sidebar-style":"default","ast-global-header-display":"","ast-banner-title-visibility":"","ast-main-header-display":"","ast-hfb-above-header-display":"","ast-hfb-below-header-display":"","ast-hfb-mobile-header-display":"","site-post-title":"disabled","ast-breadcrumbs-content":"","ast-featured-img":"disabled","footer-sml-layout":"","ast-disable-related-posts":"","theme-transparent-header-meta":"","adv-header-id-meta":"","stick-header-meta":"","header-above-stick-meta":"","header-main-stick-meta":"","header-below-stick-meta":"","astra-migrate-meta-layouts":"default","ast-page-background-enabled":"default","ast-page-background-meta":{"desktop":{"background-color":"var(--ast-global-color-4)","background-image":"","background-repeat":"repeat","background-position":"center center","background-size":"auto","background-attachment":"scroll","background-type":"","background-media":"","overlay-type":"","overlay-color":"","overlay-opacity":"","overlay-gradient":""},"tablet":{"background-color":"","background-image":"","background-repeat":"repeat","background-position":"center center","background-size":"auto","background-attachment":"scroll","background-type":"","background-media":"","overlay-type":"","overlay-color":"","overlay-opacity":"","overlay-gradient":""},"mobile":{"background-color":"","background-image":"","background-repeat":"repeat","background-position":"center center","background-size":"auto","background-attachment":"scroll","background-type":"","background-media":"","overlay-type":"","overlay-color":"","overlay-opacity":"","overlay-gradient":""}},"ast-content-background-meta":{"desktop":{"background-color":"var(--ast-global-color-5)","background-image":"","background-repeat":"repeat","background-position":"center center","background-size":"auto","background-attachment":"scroll","background-type":"","background-media":"","overlay-type":"","overlay-color":"","overlay-opacity":"","overlay-gradient":""},"tablet":{"background-color":"var(--ast-global-color-5)","background-image":"","background-repeat":"repeat","background-position":"center center","background-size":"auto","background-attachment":"scroll","background-type":"","background-media":"","overlay-type":"","overlay-color":"","overlay-opacity":"","overlay-gradient":""},"mobile":{"background-color":"var(--ast-global-color-5)","background-image":"","background-repeat":"repeat","background-position":"center center","background-size":"auto","background-attachment":"scroll","background-type":"","background-media":"","overlay-type":"","overlay-color":"","overlay-opacity":"","overlay-gradient":""}},"footnotes":""},"class_list":["post-255","page","type-page","status-publish","hentry"],"_links":{"self":[{"href":"https:\/\/akesiosdental.com\/sq\/wp-json\/wp\/v2\/pages\/255","targetHints":{"allow":["GET"]}}],"collection":[{"href":"https:\/\/akesiosdental.com\/sq\/wp-json\/wp\/v2\/pages"}],"about":[{"href":"https:\/\/akesiosdental.com\/sq\/wp-json\/wp\/v2\/types\/page"}],"author":[{"embeddable":true,"href":"https:\/\/akesiosdental.com\/sq\/wp-json\/wp\/v2\/users\/1"}],"replies":[{"embeddable":true,"href":"https:\/\/akesiosdental.com\/sq\/wp-json\/wp\/v2\/comments?post=255"}],"version-history":[{"count":23,"href":"https:\/\/akesiosdental.com\/sq\/wp-json\/wp\/v2\/pages\/255\/revisions"}],"predecessor-version":[{"id":468,"href":"https:\/\/akesiosdental.com\/sq\/wp-json\/wp\/v2\/pages\/255\/revisions\/468"}],"up":[{"embeddable":true,"href":"https:\/\/akesiosdental.com\/sq\/wp-json\/wp\/v2\/pages\/169"}],"wp:attachment":[{"href":"https:\/\/akesiosdental.com\/sq\/wp-json\/wp\/v2\/media?parent=255"}],"curies":[{"name":"wp","href":"https:\/\/api.w.org\/{rel}","templated":true}]}}