{"id":422,"date":"2023-08-10T14:09:08","date_gmt":"2023-08-10T14:09:08","guid":{"rendered":"https:\/\/akesiosdental.com\/?page_id=422"},"modified":"2023-08-15T17:23:41","modified_gmt":"2023-08-15T17:23:41","slug":"gnathology","status":"publish","type":"page","link":"https:\/\/akesiosdental.com\/fr\/services\/gnathology\/","title":{"rendered":"Gnathologie"},"content":{"rendered":"<div data-elementor-type=\"wp-page\" data-elementor-id=\"422\" class=\"elementor elementor-422\" data-elementor-post-type=\"page\">\n\t\t\t\t\t\t<section class=\"elementor-section elementor-top-section elementor-element elementor-element-3122cfbd elementor-section-boxed elementor-section-height-default elementor-section-height-default\" data-id=\"3122cfbd\" data-element_type=\"section\" data-e-type=\"section\">\n\t\t\t\t\t\t<div class=\"elementor-container elementor-column-gap-default\">\n\t\t\t\t\t<div class=\"elementor-column elementor-col-100 elementor-top-column elementor-element elementor-element-61541845\" data-id=\"61541845\" data-element_type=\"column\" data-e-type=\"column\">\n\t\t\t<div class=\"elementor-widget-wrap elementor-element-populated\">\n\t\t\t\t\t\t<section class=\"elementor-section elementor-inner-section elementor-element elementor-element-638cc6bd elementor-section-boxed elementor-section-height-default elementor-section-height-default\" data-id=\"638cc6bd\" data-element_type=\"section\" data-e-type=\"section\">\n\t\t\t\t\t\t<div class=\"elementor-container elementor-column-gap-default\">\n\t\t\t\t\t<div class=\"elementor-column elementor-col-100 elementor-inner-column elementor-element elementor-element-7a05876e\" data-id=\"7a05876e\" data-element_type=\"column\" data-e-type=\"column\">\n\t\t\t<div class=\"elementor-widget-wrap elementor-element-populated\">\n\t\t\t\t\t\t<div class=\"elementor-element elementor-element-4d5d9c42 elementor-widget elementor-widget-heading\" data-id=\"4d5d9c42\" data-element_type=\"widget\" data-e-type=\"widget\" data-widget_type=\"heading.default\">\n\t\t\t\t<div class=\"elementor-widget-container\">\n\t\t\t\t\t<h1 class=\"elementor-heading-title elementor-size-default\">Gnathologie<\/h1>\t\t\t\t<\/div>\n\t\t\t\t<\/div>\n\t\t\t\t\t<\/div>\n\t\t<\/div>\n\t\t\t\t\t<\/div>\n\t\t<\/section>\n\t\t\t\t<section class=\"elementor-section elementor-inner-section elementor-element elementor-element-3690ce6d elementor-section-boxed elementor-section-height-default elementor-section-height-default\" data-id=\"3690ce6d\" data-element_type=\"section\" data-e-type=\"section\">\n\t\t\t\t\t\t<div class=\"elementor-container elementor-column-gap-default\">\n\t\t\t\t\t<div class=\"elementor-column elementor-col-100 elementor-inner-column elementor-element elementor-element-357d2067\" data-id=\"357d2067\" data-element_type=\"column\" data-e-type=\"column\">\n\t\t\t<div class=\"elementor-widget-wrap elementor-element-populated\">\n\t\t\t\t\t\t<div class=\"elementor-element elementor-element-7a04d96d elementor-widget elementor-widget-text-editor\" data-id=\"7a04d96d\" data-element_type=\"widget\" data-e-type=\"widget\" data-widget_type=\"text-editor.default\">\n\t\t\t\t<div class=\"elementor-widget-container\">\n\t\t\t\t\t\t\t\t\t<p class=\"bllok_shkrimi\">La gnathologie est l'une des branches particuli\u00e8rement complexes de la dentisterie. Elle comprend toutes les pathologies qui concernent l'articulation de la bouche et par cons\u00e9quent tous les organes qui y sont connect\u00e9s.<\/p><p class=\"bllok_shkrimi\">Les probl\u00e8mes majeurs sont : des difficult\u00e9s \u00e0 ouvrir et fermer la bouche, des douleurs au visage et au cou, des maux de t\u00eate dus \u00e0 une occlusion dentaire entre la m\u00e2choire et la mandibule, et donc non explicables autrement, du bruxisme, des \u00e9tourdissements ou une sensation d'instabilit\u00e9, des maux de dos, de jambes ou \u00e9paules, morsure profonde ou b\u00e9ance, acouph\u00e8nes (bourdonnements d'oreilles), douleurs \u00e0 la m\u00e2choire, probl\u00e8mes de posture, blocage de la m\u00e2choire, troubles ou perturbations de toute nature dans l'ouverture ou la fermeture de la bouche.<\/p><p class=\"bllok_shkrimi\">Il s'agit d'une sp\u00e9cialisation m\u00e9dicale pertinente dans le panorama des soins dentaires et le sp\u00e9cialiste gnathologue est un dentiste ayant obtenu une sp\u00e9cialisation en la mati\u00e8re.<\/p><p class=\"bllok_shkrimi\">Pour les solutions aux pathologies qui concernent l'articulation de la bouche et par cons\u00e9quent de tous les organes qui y sont connect\u00e9s, il collabore avec d'autres m\u00e9decins : le posturologue, l'orthodontiste, le chirurgien maxillo-facial, le prosthodontiste ou l'implantologue.<\/p>\t\t\t\t\t\t\t\t<\/div>\n\t\t\t\t<\/div>\n\t\t\t\t<div class=\"elementor-element elementor-element-6993911d elementor-widget__width-initial elementor-widget-tablet__width-initial elementor-widget elementor-widget-button\" data-id=\"6993911d\" data-element_type=\"widget\" data-e-type=\"widget\" data-widget_type=\"button.default\">\n\t\t\t\t<div class=\"elementor-widget-container\">\n\t\t\t\t\t\t\t\t\t<div class=\"elementor-button-wrapper\">\n\t\t\t\t\t<a class=\"elementor-button elementor-button-link elementor-size-sm\" href=\"https:\/\/akesiosdental.com\/fr\/contact\/\">\n\t\t\t\t\t\t<span class=\"elementor-button-content-wrapper\">\n\t\t\t\t\t\t\t\t\t<span class=\"elementor-button-text\">Recevoir un appel<\/span>\n\t\t\t\t\t<\/span>\n\t\t\t\t\t<\/a>\n\t\t\t\t<\/div>\n\t\t\t\t\t\t\t\t<\/div>\n\t\t\t\t<\/div>\n\t\t\t\t\t<\/div>\n\t\t<\/div>\n\t\t\t\t\t<\/div>\n\t\t<\/section>\n\t\t\t\t\t<\/div>\n\t\t<\/div>\n\t\t\t\t\t<\/div>\n\t\t<\/section>\n\t\t\t\t<\/div>","protected":false},"excerpt":{"rendered":"<p>Gnathology Gnathology is one of the most complex branches of dentistry. It includes all the pathologies that concern the articulation of the mouth and consequently of all the organs connected to it. The main problems are: difficulty in opening and closing the mouth, pains in the face and neck, headache from dental occlusion between jaw [&hellip;]<\/p>\n","protected":false},"author":1,"featured_media":0,"parent":169,"menu_order":0,"comment_status":"closed","ping_status":"closed","template":"","meta":{"site-sidebar-layout":"no-sidebar","site-content-layout":"page-builder","ast-site-content-layout":"default","site-content-style":"default","site-sidebar-style":"default","ast-global-header-display":"","ast-banner-title-visibility":"","ast-main-header-display":"","ast-hfb-above-header-display":"","ast-hfb-below-header-display":"","ast-hfb-mobile-header-display":"","site-post-title":"disabled","ast-breadcrumbs-content":"","ast-featured-img":"disabled","footer-sml-layout":"","ast-disable-related-posts":"","theme-transparent-header-meta":"","adv-header-id-meta":"","stick-header-meta":"","header-above-stick-meta":"","header-main-stick-meta":"","header-below-stick-meta":"","astra-migrate-meta-layouts":"default","ast-page-background-enabled":"default","ast-page-background-meta":{"desktop":{"background-color":"var(--ast-global-color-4)","background-image":"","background-repeat":"repeat","background-position":"center center","background-size":"auto","background-attachment":"scroll","background-type":"","background-media":"","overlay-type":"","overlay-color":"","overlay-opacity":"","overlay-gradient":""},"tablet":{"background-color":"","background-image":"","background-repeat":"repeat","background-position":"center center","background-size":"auto","background-attachment":"scroll","background-type":"","background-media":"","overlay-type":"","overlay-color":"","overlay-opacity":"","overlay-gradient":""},"mobile":{"background-color":"","background-image":"","background-repeat":"repeat","background-position":"center center","background-size":"auto","background-attachment":"scroll","background-type":"","background-media":"","overlay-type":"","overlay-color":"","overlay-opacity":"","overlay-gradient":""}},"ast-content-background-meta":{"desktop":{"background-color":"var(--ast-global-color-5)","background-image":"","background-repeat":"repeat","background-position":"center center","background-size":"auto","background-attachment":"scroll","background-type":"","background-media":"","overlay-type":"","overlay-color":"","overlay-opacity":"","overlay-gradient":""},"tablet":{"background-color":"var(--ast-global-color-5)","background-image":"","background-repeat":"repeat","background-position":"center center","background-size":"auto","background-attachment":"scroll","background-type":"","background-media":"","overlay-type":"","overlay-color":"","overlay-opacity":"","overlay-gradient":""},"mobile":{"background-color":"var(--ast-global-color-5)","background-image":"","background-repeat":"repeat","background-position":"center center","background-size":"auto","background-attachment":"scroll","background-type":"","background-media":"","overlay-type":"","overlay-color":"","overlay-opacity":"","overlay-gradient":""}},"footnotes":""},"class_list":["post-422","page","type-page","status-publish","hentry"],"_links":{"self":[{"href":"https:\/\/akesiosdental.com\/fr\/wp-json\/wp\/v2\/pages\/422","targetHints":{"allow":["GET"]}}],"collection":[{"href":"https:\/\/akesiosdental.com\/fr\/wp-json\/wp\/v2\/pages"}],"about":[{"href":"https:\/\/akesiosdental.com\/fr\/wp-json\/wp\/v2\/types\/page"}],"author":[{"embeddable":true,"href":"https:\/\/akesiosdental.com\/fr\/wp-json\/wp\/v2\/users\/1"}],"replies":[{"embeddable":true,"href":"https:\/\/akesiosdental.com\/fr\/wp-json\/wp\/v2\/comments?post=422"}],"version-history":[{"count":7,"href":"https:\/\/akesiosdental.com\/fr\/wp-json\/wp\/v2\/pages\/422\/revisions"}],"predecessor-version":[{"id":557,"href":"https:\/\/akesiosdental.com\/fr\/wp-json\/wp\/v2\/pages\/422\/revisions\/557"}],"up":[{"embeddable":true,"href":"https:\/\/akesiosdental.com\/fr\/wp-json\/wp\/v2\/pages\/169"}],"wp:attachment":[{"href":"https:\/\/akesiosdental.com\/fr\/wp-json\/wp\/v2\/media?parent=422"}],"curies":[{"name":"wp","href":"https:\/\/api.w.org\/{rel}","templated":true}]}}