{"id":422,"date":"2023-08-10T14:09:08","date_gmt":"2023-08-10T14:09:08","guid":{"rendered":"https:\/\/akesiosdental.com\/?page_id=422"},"modified":"2023-08-15T17:23:41","modified_gmt":"2023-08-15T17:23:41","slug":"gnathology","status":"publish","type":"page","link":"https:\/\/akesiosdental.com\/de\/services\/gnathology\/","title":{"rendered":"Gnathologie"},"content":{"rendered":"<div data-elementor-type=\"wp-page\" data-elementor-id=\"422\" class=\"elementor elementor-422\" data-elementor-post-type=\"page\">\n\t\t\t\t\t\t<section class=\"elementor-section elementor-top-section elementor-element elementor-element-3122cfbd elementor-section-boxed elementor-section-height-default elementor-section-height-default\" data-id=\"3122cfbd\" data-element_type=\"section\" data-e-type=\"section\">\n\t\t\t\t\t\t<div class=\"elementor-container elementor-column-gap-default\">\n\t\t\t\t\t<div class=\"elementor-column elementor-col-100 elementor-top-column elementor-element elementor-element-61541845\" data-id=\"61541845\" data-element_type=\"column\" data-e-type=\"column\">\n\t\t\t<div class=\"elementor-widget-wrap elementor-element-populated\">\n\t\t\t\t\t\t<section class=\"elementor-section elementor-inner-section elementor-element elementor-element-638cc6bd elementor-section-boxed elementor-section-height-default elementor-section-height-default\" data-id=\"638cc6bd\" data-element_type=\"section\" data-e-type=\"section\">\n\t\t\t\t\t\t<div class=\"elementor-container elementor-column-gap-default\">\n\t\t\t\t\t<div class=\"elementor-column elementor-col-100 elementor-inner-column elementor-element elementor-element-7a05876e\" data-id=\"7a05876e\" data-element_type=\"column\" data-e-type=\"column\">\n\t\t\t<div class=\"elementor-widget-wrap elementor-element-populated\">\n\t\t\t\t\t\t<div class=\"elementor-element elementor-element-4d5d9c42 elementor-widget elementor-widget-heading\" data-id=\"4d5d9c42\" data-element_type=\"widget\" data-e-type=\"widget\" data-widget_type=\"heading.default\">\n\t\t\t\t<div class=\"elementor-widget-container\">\n\t\t\t\t\t<h1 class=\"elementor-heading-title elementor-size-default\">Gnathologie<\/h1>\t\t\t\t<\/div>\n\t\t\t\t<\/div>\n\t\t\t\t\t<\/div>\n\t\t<\/div>\n\t\t\t\t\t<\/div>\n\t\t<\/section>\n\t\t\t\t<section class=\"elementor-section elementor-inner-section elementor-element elementor-element-3690ce6d elementor-section-boxed elementor-section-height-default elementor-section-height-default\" data-id=\"3690ce6d\" data-element_type=\"section\" data-e-type=\"section\">\n\t\t\t\t\t\t<div class=\"elementor-container elementor-column-gap-default\">\n\t\t\t\t\t<div class=\"elementor-column elementor-col-100 elementor-inner-column elementor-element elementor-element-357d2067\" data-id=\"357d2067\" data-element_type=\"column\" data-e-type=\"column\">\n\t\t\t<div class=\"elementor-widget-wrap elementor-element-populated\">\n\t\t\t\t\t\t<div class=\"elementor-element elementor-element-7a04d96d elementor-widget elementor-widget-text-editor\" data-id=\"7a04d96d\" data-element_type=\"widget\" data-e-type=\"widget\" data-widget_type=\"text-editor.default\">\n\t\t\t\t<div class=\"elementor-widget-container\">\n\t\t\t\t\t\t\t\t\t<p class=\"bllok_shkrimi\">Die Gnathologie ist einer der komplexesten Zweige der Zahnmedizin. Sie umfasst alle Pathologien, die die Artikulation des Mundes und folglich alle mit ihm verbundenen Organe betreffen.<\/p><p class=\"bllok_shkrimi\">Die Hauptprobleme sind: Schwierigkeiten beim \u00d6ffnen und Schlie\u00dfen des Mundes, Schmerzen im Gesicht und im Nacken, Kopfschmerzen, die durch den Zahnschluss zwischen Kiefer und Kiefer verursacht werden und daher nicht anders erkl\u00e4rbar sind, Bruxismus, Schwindel oder Instabilit\u00e4tsgef\u00fchl, R\u00fcckenschmerzen, Schmerzen in den Beinen oder Schultern, tiefer oder offener Biss, Tinnitus (Pfeifen in den Ohren), Kieferschmerzen, Haltungsprobleme, Kieferblockaden, St\u00f6rungen oder Beeintr\u00e4chtigungen jeglicher Art beim \u00d6ffnen oder Schlie\u00dfen des Mundes.<\/p><p class=\"bllok_shkrimi\">Es handelt sich um eine gro\u00dfe medizinische Spezialisierung auf dem Gebiet der Zahnpflege und der Facharzt f\u00fcr Gnatologie ist ein Zahnarzt, der eine Spezialisierung auf diesem Fachgebiet erworben hat.<\/p><p class=\"bllok_shkrimi\">F\u00fcr die L\u00f6sung von Pathologien, die die Artikulation des Mundes und damit aller damit verbundenen Organe betreffen, arbeitet es mit anderen \u00c4rzten zusammen: dem Posturologen, dem Kieferorthop\u00e4den, dem Kiefer- und Gesichtschirurgen, dem Zahnarzt oder Implantologen<\/p>\t\t\t\t\t\t\t\t<\/div>\n\t\t\t\t<\/div>\n\t\t\t\t<div class=\"elementor-element elementor-element-6993911d elementor-widget__width-initial elementor-widget-tablet__width-initial elementor-widget elementor-widget-button\" data-id=\"6993911d\" data-element_type=\"widget\" data-e-type=\"widget\" data-widget_type=\"button.default\">\n\t\t\t\t<div class=\"elementor-widget-container\">\n\t\t\t\t\t\t\t\t\t<div class=\"elementor-button-wrapper\">\n\t\t\t\t\t<a class=\"elementor-button elementor-button-link elementor-size-sm\" href=\"https:\/\/akesiosdental.com\/de\/contact\/\">\n\t\t\t\t\t\t<span class=\"elementor-button-content-wrapper\">\n\t\t\t\t\t\t\t\t\t<span class=\"elementor-button-text\">Einen Anruf bekommen<\/span>\n\t\t\t\t\t<\/span>\n\t\t\t\t\t<\/a>\n\t\t\t\t<\/div>\n\t\t\t\t\t\t\t\t<\/div>\n\t\t\t\t<\/div>\n\t\t\t\t\t<\/div>\n\t\t<\/div>\n\t\t\t\t\t<\/div>\n\t\t<\/section>\n\t\t\t\t\t<\/div>\n\t\t<\/div>\n\t\t\t\t\t<\/div>\n\t\t<\/section>\n\t\t\t\t<\/div>","protected":false},"excerpt":{"rendered":"<p>Gnathology Gnathology is one of the most complex branches of dentistry. It includes all the pathologies that concern the articulation of the mouth and consequently of all the organs connected to it. The main problems are: difficulty in opening and closing the mouth, pains in the face and neck, headache from dental occlusion between jaw [&hellip;]<\/p>\n","protected":false},"author":1,"featured_media":0,"parent":169,"menu_order":0,"comment_status":"closed","ping_status":"closed","template":"","meta":{"site-sidebar-layout":"no-sidebar","site-content-layout":"page-builder","ast-site-content-layout":"default","site-content-style":"default","site-sidebar-style":"default","ast-global-header-display":"","ast-banner-title-visibility":"","ast-main-header-display":"","ast-hfb-above-header-display":"","ast-hfb-below-header-display":"","ast-hfb-mobile-header-display":"","site-post-title":"disabled","ast-breadcrumbs-content":"","ast-featured-img":"disabled","footer-sml-layout":"","ast-disable-related-posts":"","theme-transparent-header-meta":"","adv-header-id-meta":"","stick-header-meta":"","header-above-stick-meta":"","header-main-stick-meta":"","header-below-stick-meta":"","astra-migrate-meta-layouts":"default","ast-page-background-enabled":"default","ast-page-background-meta":{"desktop":{"background-color":"var(--ast-global-color-4)","background-image":"","background-repeat":"repeat","background-position":"center center","background-size":"auto","background-attachment":"scroll","background-type":"","background-media":"","overlay-type":"","overlay-color":"","overlay-opacity":"","overlay-gradient":""},"tablet":{"background-color":"","background-image":"","background-repeat":"repeat","background-position":"center center","background-size":"auto","background-attachment":"scroll","background-type":"","background-media":"","overlay-type":"","overlay-color":"","overlay-opacity":"","overlay-gradient":""},"mobile":{"background-color":"","background-image":"","background-repeat":"repeat","background-position":"center center","background-size":"auto","background-attachment":"scroll","background-type":"","background-media":"","overlay-type":"","overlay-color":"","overlay-opacity":"","overlay-gradient":""}},"ast-content-background-meta":{"desktop":{"background-color":"var(--ast-global-color-5)","background-image":"","background-repeat":"repeat","background-position":"center center","background-size":"auto","background-attachment":"scroll","background-type":"","background-media":"","overlay-type":"","overlay-color":"","overlay-opacity":"","overlay-gradient":""},"tablet":{"background-color":"var(--ast-global-color-5)","background-image":"","background-repeat":"repeat","background-position":"center center","background-size":"auto","background-attachment":"scroll","background-type":"","background-media":"","overlay-type":"","overlay-color":"","overlay-opacity":"","overlay-gradient":""},"mobile":{"background-color":"var(--ast-global-color-5)","background-image":"","background-repeat":"repeat","background-position":"center center","background-size":"auto","background-attachment":"scroll","background-type":"","background-media":"","overlay-type":"","overlay-color":"","overlay-opacity":"","overlay-gradient":""}},"footnotes":""},"class_list":["post-422","page","type-page","status-publish","hentry"],"_links":{"self":[{"href":"https:\/\/akesiosdental.com\/de\/wp-json\/wp\/v2\/pages\/422","targetHints":{"allow":["GET"]}}],"collection":[{"href":"https:\/\/akesiosdental.com\/de\/wp-json\/wp\/v2\/pages"}],"about":[{"href":"https:\/\/akesiosdental.com\/de\/wp-json\/wp\/v2\/types\/page"}],"author":[{"embeddable":true,"href":"https:\/\/akesiosdental.com\/de\/wp-json\/wp\/v2\/users\/1"}],"replies":[{"embeddable":true,"href":"https:\/\/akesiosdental.com\/de\/wp-json\/wp\/v2\/comments?post=422"}],"version-history":[{"count":7,"href":"https:\/\/akesiosdental.com\/de\/wp-json\/wp\/v2\/pages\/422\/revisions"}],"predecessor-version":[{"id":557,"href":"https:\/\/akesiosdental.com\/de\/wp-json\/wp\/v2\/pages\/422\/revisions\/557"}],"up":[{"embeddable":true,"href":"https:\/\/akesiosdental.com\/de\/wp-json\/wp\/v2\/pages\/169"}],"wp:attachment":[{"href":"https:\/\/akesiosdental.com\/de\/wp-json\/wp\/v2\/media?parent=422"}],"curies":[{"name":"wp","href":"https:\/\/api.w.org\/{rel}","templated":true}]}}