{"id":387,"date":"2023-08-10T13:27:32","date_gmt":"2023-08-10T13:27:32","guid":{"rendered":"https:\/\/akesiosdental.com\/?page_id=387"},"modified":"2024-10-12T15:45:01","modified_gmt":"2024-10-12T15:45:01","slug":"diagnostics","status":"publish","type":"page","link":"https:\/\/akesiosdental.com\/de\/diagnostics\/","title":{"rendered":"Diagnostik"},"content":{"rendered":"<div data-elementor-type=\"wp-page\" data-elementor-id=\"387\" class=\"elementor elementor-387\" data-elementor-post-type=\"page\">\n\t\t\t\t\t\t<section class=\"elementor-section elementor-top-section elementor-element elementor-element-3122cfbd elementor-section-boxed elementor-section-height-default elementor-section-height-default\" data-id=\"3122cfbd\" data-element_type=\"section\" data-e-type=\"section\">\n\t\t\t\t\t\t<div class=\"elementor-container elementor-column-gap-default\">\n\t\t\t\t\t<div class=\"elementor-column elementor-col-100 elementor-top-column elementor-element elementor-element-61541845\" data-id=\"61541845\" data-element_type=\"column\" data-e-type=\"column\">\n\t\t\t<div class=\"elementor-widget-wrap elementor-element-populated\">\n\t\t\t\t\t\t<section class=\"elementor-section elementor-inner-section elementor-element elementor-element-638cc6bd elementor-section-boxed elementor-section-height-default elementor-section-height-default\" data-id=\"638cc6bd\" data-element_type=\"section\" data-e-type=\"section\">\n\t\t\t\t\t\t<div class=\"elementor-container elementor-column-gap-default\">\n\t\t\t\t\t<div class=\"elementor-column elementor-col-100 elementor-inner-column elementor-element elementor-element-7a05876e\" data-id=\"7a05876e\" data-element_type=\"column\" data-e-type=\"column\">\n\t\t\t<div class=\"elementor-widget-wrap elementor-element-populated\">\n\t\t\t\t\t\t<div class=\"elementor-element elementor-element-4d5d9c42 elementor-widget elementor-widget-heading\" data-id=\"4d5d9c42\" data-element_type=\"widget\" data-e-type=\"widget\" data-widget_type=\"heading.default\">\n\t\t\t\t<div class=\"elementor-widget-container\">\n\t\t\t\t\t<h1 class=\"elementor-heading-title elementor-size-default\">Diagnostik<\/h1>\t\t\t\t<\/div>\n\t\t\t\t<\/div>\n\t\t\t\t\t<\/div>\n\t\t<\/div>\n\t\t\t\t\t<\/div>\n\t\t<\/section>\n\t\t\t\t<section class=\"elementor-section elementor-inner-section elementor-element elementor-element-3690ce6d elementor-section-boxed elementor-section-height-default elementor-section-height-default\" data-id=\"3690ce6d\" data-element_type=\"section\" data-e-type=\"section\">\n\t\t\t\t\t\t<div class=\"elementor-container elementor-column-gap-default\">\n\t\t\t\t\t<div class=\"elementor-column elementor-col-100 elementor-inner-column elementor-element elementor-element-357d2067\" data-id=\"357d2067\" data-element_type=\"column\" data-e-type=\"column\">\n\t\t\t<div class=\"elementor-widget-wrap elementor-element-populated\">\n\t\t\t\t\t\t<div class=\"elementor-element elementor-element-7a04d96d elementor-widget elementor-widget-text-editor\" data-id=\"7a04d96d\" data-element_type=\"widget\" data-e-type=\"widget\" data-widget_type=\"text-editor.default\">\n\t\t\t\t<div class=\"elementor-widget-container\">\n\t\t\t\t\t\t\t\t\t<p>Diagnosema\u00dfnahmen sind notwendig, um den Gesundheitszustand der Mundh\u00f6hle zu beurteilen, eventuelle Probleme zu erkennen und die am besten geeigneten Behandlungen festzulegen.<\/p>\n<p>Insbesondere kann es vorkommen, dass nach einem ersten Besuch beim Fachzahnarzt, der auf die Bed\u00fcrfnisse jedes Patienten abgestimmt ist, spezifische Untersuchungen durchgef\u00fchrt werden m\u00fcssen, um bestimmte Probleme genauer zu untersuchen. F\u00fcr diese Untersuchungen nutzen wir den Diagnostikdienst f\u00fcr Bilder und seine speziellen Technologien.<\/p>\n<p>Akesios Dental Beauty bietet einen kompletten und qualitativ hochwertigen Service, der den Patienten bei jedem Schritt begleitet, von der Anfrage des ersten Besuchs bis zur Nachbehandlung, um sein Wohlbefinden und seine Zufriedenheit zu garantieren.<\/p>\t\t\t\t\t\t\t\t<\/div>\n\t\t\t\t<\/div>\n\t\t\t\t<div class=\"elementor-element elementor-element-6993911d elementor-widget__width-initial elementor-widget-tablet__width-initial elementor-widget elementor-widget-button\" data-id=\"6993911d\" data-element_type=\"widget\" data-e-type=\"widget\" data-widget_type=\"button.default\">\n\t\t\t\t<div class=\"elementor-widget-container\">\n\t\t\t\t\t\t\t\t\t<div class=\"elementor-button-wrapper\">\n\t\t\t\t\t<a class=\"elementor-button elementor-button-link elementor-size-sm\" href=\"https:\/\/akesiosdental.com\/de\/contact\/\">\n\t\t\t\t\t\t<span class=\"elementor-button-content-wrapper\">\n\t\t\t\t\t\t\t\t\t<span class=\"elementor-button-text\">Einen Anruf bekommen<\/span>\n\t\t\t\t\t<\/span>\n\t\t\t\t\t<\/a>\n\t\t\t\t<\/div>\n\t\t\t\t\t\t\t\t<\/div>\n\t\t\t\t<\/div>\n\t\t\t\t\t<\/div>\n\t\t<\/div>\n\t\t\t\t\t<\/div>\n\t\t<\/section>\n\t\t\t\t\t<\/div>\n\t\t<\/div>\n\t\t\t\t\t<\/div>\n\t\t<\/section>\n\t\t\t\t<\/div>","protected":false},"excerpt":{"rendered":"<p>Diagnostics Diagnosis activities are necessary in order to assess the health of the oral cavity, identify any problems, and define the most suitable treatments. In particular, it is possible that after a first visit with the dentist specialist, adapted to the needs of each patient, it is necessary to carry out specific examinations of study [&hellip;]<\/p>\n","protected":false},"author":1,"featured_media":0,"parent":0,"menu_order":0,"comment_status":"closed","ping_status":"closed","template":"","meta":{"site-sidebar-layout":"no-sidebar","site-content-layout":"page-builder","ast-site-content-layout":"default","site-content-style":"default","site-sidebar-style":"default","ast-global-header-display":"","ast-banner-title-visibility":"","ast-main-header-display":"","ast-hfb-above-header-display":"","ast-hfb-below-header-display":"","ast-hfb-mobile-header-display":"","site-post-title":"disabled","ast-breadcrumbs-content":"","ast-featured-img":"disabled","footer-sml-layout":"","ast-disable-related-posts":"","theme-transparent-header-meta":"","adv-header-id-meta":"","stick-header-meta":"","header-above-stick-meta":"","header-main-stick-meta":"","header-below-stick-meta":"","astra-migrate-meta-layouts":"default","ast-page-background-enabled":"default","ast-page-background-meta":{"desktop":{"background-color":"var(--ast-global-color-4)","background-image":"","background-repeat":"repeat","background-position":"center center","background-size":"auto","background-attachment":"scroll","background-type":"","background-media":"","overlay-type":"","overlay-color":"","overlay-opacity":"","overlay-gradient":""},"tablet":{"background-color":"","background-image":"","background-repeat":"repeat","background-position":"center center","background-size":"auto","background-attachment":"scroll","background-type":"","background-media":"","overlay-type":"","overlay-color":"","overlay-opacity":"","overlay-gradient":""},"mobile":{"background-color":"","background-image":"","background-repeat":"repeat","background-position":"center center","background-size":"auto","background-attachment":"scroll","background-type":"","background-media":"","overlay-type":"","overlay-color":"","overlay-opacity":"","overlay-gradient":""}},"ast-content-background-meta":{"desktop":{"background-color":"var(--ast-global-color-5)","background-image":"","background-repeat":"repeat","background-position":"center center","background-size":"auto","background-attachment":"scroll","background-type":"","background-media":"","overlay-type":"","overlay-color":"","overlay-opacity":"","overlay-gradient":""},"tablet":{"background-color":"var(--ast-global-color-5)","background-image":"","background-repeat":"repeat","background-position":"center center","background-size":"auto","background-attachment":"scroll","background-type":"","background-media":"","overlay-type":"","overlay-color":"","overlay-opacity":"","overlay-gradient":""},"mobile":{"background-color":"var(--ast-global-color-5)","background-image":"","background-repeat":"repeat","background-position":"center center","background-size":"auto","background-attachment":"scroll","background-type":"","background-media":"","overlay-type":"","overlay-color":"","overlay-opacity":"","overlay-gradient":""}},"footnotes":""},"class_list":["post-387","page","type-page","status-publish","hentry"],"_links":{"self":[{"href":"https:\/\/akesiosdental.com\/de\/wp-json\/wp\/v2\/pages\/387","targetHints":{"allow":["GET"]}}],"collection":[{"href":"https:\/\/akesiosdental.com\/de\/wp-json\/wp\/v2\/pages"}],"about":[{"href":"https:\/\/akesiosdental.com\/de\/wp-json\/wp\/v2\/types\/page"}],"author":[{"embeddable":true,"href":"https:\/\/akesiosdental.com\/de\/wp-json\/wp\/v2\/users\/1"}],"replies":[{"embeddable":true,"href":"https:\/\/akesiosdental.com\/de\/wp-json\/wp\/v2\/comments?post=387"}],"version-history":[{"count":17,"href":"https:\/\/akesiosdental.com\/de\/wp-json\/wp\/v2\/pages\/387\/revisions"}],"predecessor-version":[{"id":1045,"href":"https:\/\/akesiosdental.com\/de\/wp-json\/wp\/v2\/pages\/387\/revisions\/1045"}],"wp:attachment":[{"href":"https:\/\/akesiosdental.com\/de\/wp-json\/wp\/v2\/media?parent=387"}],"curies":[{"name":"wp","href":"https:\/\/api.w.org\/{rel}","templated":true}]}}